{"id":2204,"date":"2020-11-29T14:46:53","date_gmt":"2020-11-29T12:46:53","guid":{"rendered":"https:\/\/tmax-special.com\/about\/"},"modified":"2022-02-09T17:01:53","modified_gmt":"2022-02-09T15:01:53","slug":"about","status":"publish","type":"page","link":"https:\/\/tmax-special.com\/it\/about\/","title":{"rendered":"Chi Siamo"},"content":{"rendered":"\t\t<div data-elementor-type=\"wp-page\" data-elementor-id=\"2204\" class=\"elementor elementor-2204 elementor-862\" data-elementor-post-type=\"page\">\n\t\t\t\t\t\t<section class=\"elementor-section elementor-top-section elementor-element elementor-element-78b9d00 elementor-section-boxed elementor-section-height-default elementor-section-height-default\" data-id=\"78b9d00\" data-element_type=\"section\" data-settings=\"{&quot;jet_parallax_layout_list&quot;:[]}\">\n\t\t\t\t\t\t<div class=\"elementor-container elementor-column-gap-default\">\n\t\t\t\t\t<div class=\"elementor-column elementor-col-100 elementor-top-column elementor-element elementor-element-63f3cc6\" data-id=\"63f3cc6\" data-element_type=\"column\">\n\t\t\t<div class=\"elementor-widget-wrap elementor-element-populated\">\n\t\t\t\t\t\t<div class=\"elementor-element elementor-element-d4fd379 elementor-widget elementor-widget-text-editor\" data-id=\"d4fd379\" data-element_type=\"widget\" data-widget_type=\"text-editor.default\">\n\t\t\t\t<div class=\"elementor-widget-container\">\n\t\t\t\t\t\t\t<p>Siamo <strong>TMAX SPECIAL<\/strong>, un\u2019azienda familiare per prodotti boutique per scooter TMAX. Da anni forniamo alle persone l\u2019accesso alla nostra esperienza che passa attraverso le nostre passioni. Andare in moto \u00e8 la nostra vita, \u00e8 il nostro hobby ed \u00e8 la nostra specialit\u00e0. Quindi, se stai cercando degli esperti che capiscono e si occupano del settore con la tua stessa passione, sei nel posto giusto!<\/p><p>Abbiamo pi\u00f9 di 40 anni di esperienza nel settore, ma soprattutto \u2013 semplicemente amiamo le moto. Questi lunghi anni di amore per la moto e il ciclismo ci hanno permesso di sviluppare una comprensione chiara e professionale di ci\u00f2 che conta di pi\u00f9 quando si acquista un veicolo. Usando questa conoscenza a tuo vantaggio, facciamo in modo che tu possa ottenere di pi\u00f9 con meno.<\/p><h2>La Nostra Missione<\/h2><p>Da esperti motociclisti, volevamo produrre i prodotti migliori e pi\u00f9 unici per il super scooter TMAX. Cos\u00ec, abbiamo iniziato a usare le nostre varie competenze e le nostre idee per creare prodotti che credevamo avrebbero portato il TMAX al livello successivo. Avendone sentito la potenza in prima persona, sapevamo che alcune aggiunte e modifiche avrebbero potuto portarlo completamente al livello successivo.<\/p><p>A tal fine, abbiamo creato un reparto di sviluppo dove abbiamo combinato le nostre conoscenze ed esperienza con le competenze di un ingegnere del veicolo e di designer industriali per offrirti prodotti dal design originale, innovativo e brevettato. <b>Il risultato finale? Il tipo di accessori di qualit\u00e0 che possono trasformare il tuo scooter TMAX in qualcosa di ancora pi\u00f9 impressionante!<\/b><\/p><p>La nostra missione, quindi, \u00e8 semplice: trasformare in realt\u00e0 il tuo bisogno di prodotti fantastici per il tuo scooter TMAX. Usando le nostre conoscenze e la nostra passione, sia a livello personale che professionale, eliminiamo la sfida dell\u2019acquisto dei pezzi giusti per lo scooter, di volta in volta.<\/p><h2>La Nostra Promessa<\/h2><ul><li>Tutti i nostri prodotti sono testati e ispezionati accuratamente prima di essere fabbricati a livello commerciale e hanno standard rigorosi.<\/li><li>La produzione industriale avviene sotto controllo e supervisione, mantenendo un livello di finitura senza compromessi. Non rilasciamo mai sul mercato un prodotto che non saremmo felici di usare per noi stessi.<\/li><li>Le materie prime utilizzate per fabbricare i prodotti sono le migliori e di altissima qualit\u00e0. Adottiamo un minuzioso processo di valutazione di tutti i materiali utilizzati in modo da sapere che il lavoro \u00e8 corretto al 100%.<\/li><li>Tutto ci\u00f2 \u00e8 progettato per garantire che tu possa usare i nostri prodotti per molti anni di sicurezza e divertimento, dandoti il miglior ritorno possibile sul tuo investimento con noi.<\/li><li>Crediamo nei nostri prodotti, e quindi \u2013 a differenza di altri produttori \u2013 diamo ai nostri clienti una garanzia completa anche per le parti elettroniche. Ogni parte \u00e8 coperta da una garanzia di qualit\u00e0.<\/li><li>I nostri prodotti sono commercializzati in tutto il mondo a rivenditori e clienti privati. Non vendiamo solo a una piccola parte del mercato, siamo aperti a tutti.<\/li><li>Puoi acquistare i nostri prodotti attraverso il sito web, o tramite i fornitori autorizzati. Trovare i nostri prodotti \u00e8 facile; basta cercare i prodotti TMAX SPECIAL e vedere di persona la nostra reputazione!<\/li><\/ul><p><strong>TMAX SPECIAL \u00e8 sinonimo di coerenza, qualit\u00e0 e sviluppo etico. Questo \u00e8 il motivo per cui le nostre promesse valgono pi\u00f9 di tutto; siamo motociclisti proprio come te, quindi vogliamo che tu sia sicuro come noi.<\/strong><\/p>\t\t\t\t\t\t<\/div>\n\t\t\t\t<\/div>\n\t\t\t\t\t<\/div>\n\t\t<\/div>\n\t\t\t\t\t<\/div>\n\t\t<\/section>\n\t\t\t\t<\/div>\n\t\t","protected":false},"excerpt":{"rendered":"<p>Siamo TMAX SPECIAL, un\u2019azienda familiare per prodotti boutique per scooter TMAX. Da anni forniamo alle persone l\u2019accesso alla nostra esperienza che passa attraverso le nostre passioni. Andare in moto \u00e8 la nostra vita, \u00e8 il nostro hobby ed \u00e8 la nostra specialit\u00e0. Quindi, se stai cercando degli esperti che capiscono e si occupano del settore [&hellip;]<\/p>\n","protected":false},"author":1,"featured_media":0,"parent":0,"menu_order":0,"comment_status":"closed","ping_status":"closed","template":"","meta":{"footnotes":""},"class_list":["post-2204","page","type-page","status-publish","hentry"],"yoast_head":"<!-- This site is optimized with the Yoast SEO plugin v20.13 - https:\/\/yoast.com\/wordpress\/plugins\/seo\/ -->\n<title>Chi Siamo - T-Max Special<\/title>\n<meta name=\"robots\" content=\"index, follow, max-snippet:-1, max-image-preview:large, max-video-preview:-1\" \/>\n<link rel=\"canonical\" href=\"https:\/\/tmax-special.com\/it\/about\/\" \/>\n<meta property=\"og:locale\" content=\"it_IT\" \/>\n<meta property=\"og:type\" content=\"article\" \/>\n<meta property=\"og:title\" content=\"Chi Siamo - T-Max Special\" \/>\n<meta property=\"og:description\" content=\"Siamo TMAX SPECIAL, un\u2019azienda familiare per prodotti boutique per scooter TMAX. Da anni forniamo alle persone l\u2019accesso alla nostra esperienza che passa attraverso le nostre passioni. Andare in moto \u00e8 la nostra vita, \u00e8 il nostro hobby ed \u00e8 la nostra specialit\u00e0. Quindi, se stai cercando degli esperti che capiscono e si occupano del settore [&hellip;]\" \/>\n<meta property=\"og:url\" content=\"https:\/\/tmax-special.com\/it\/about\/\" \/>\n<meta property=\"og:site_name\" content=\"T-Max Special\" \/>\n<meta property=\"article:modified_time\" content=\"2022-02-09T15:01:53+00:00\" \/>\n<meta name=\"twitter:card\" content=\"summary_large_image\" \/>\n<meta name=\"twitter:label1\" content=\"Tempo di lettura stimato\" \/>\n\t<meta name=\"twitter:data1\" content=\"3 minuti\" \/>\n<script type=\"application\/ld+json\" class=\"yoast-schema-graph\">{\"@context\":\"https:\/\/schema.org\",\"@graph\":[{\"@type\":\"WebPage\",\"@id\":\"https:\/\/tmax-special.com\/it\/about\/\",\"url\":\"https:\/\/tmax-special.com\/it\/about\/\",\"name\":\"Chi Siamo - T-Max Special\",\"isPartOf\":{\"@id\":\"https:\/\/tmax-special.com\/it\/#website\"},\"datePublished\":\"2020-11-29T12:46:53+00:00\",\"dateModified\":\"2022-02-09T15:01:53+00:00\",\"breadcrumb\":{\"@id\":\"https:\/\/tmax-special.com\/it\/about\/#breadcrumb\"},\"inLanguage\":\"it-IT\",\"potentialAction\":[{\"@type\":\"ReadAction\",\"target\":[\"https:\/\/tmax-special.com\/it\/about\/\"]}]},{\"@type\":\"BreadcrumbList\",\"@id\":\"https:\/\/tmax-special.com\/it\/about\/#breadcrumb\",\"itemListElement\":[{\"@type\":\"ListItem\",\"position\":1,\"name\":\"Home\",\"item\":\"https:\/\/tmax-special.com\/it\/\"},{\"@type\":\"ListItem\",\"position\":2,\"name\":\"Chi Siamo\"}]},{\"@type\":\"WebSite\",\"@id\":\"https:\/\/tmax-special.com\/it\/#website\",\"url\":\"https:\/\/tmax-special.com\/it\/\",\"name\":\"T-Max Special\",\"description\":\"\",\"publisher\":{\"@id\":\"https:\/\/tmax-special.com\/it\/#organization\"},\"potentialAction\":[{\"@type\":\"SearchAction\",\"target\":{\"@type\":\"EntryPoint\",\"urlTemplate\":\"https:\/\/tmax-special.com\/it\/?s={search_term_string}\"},\"query-input\":\"required name=search_term_string\"}],\"inLanguage\":\"it-IT\"},{\"@type\":\"Organization\",\"@id\":\"https:\/\/tmax-special.com\/it\/#organization\",\"name\":\"T-Max Special\",\"url\":\"https:\/\/tmax-special.com\/it\/\",\"logo\":{\"@type\":\"ImageObject\",\"inLanguage\":\"it-IT\",\"@id\":\"https:\/\/tmax-special.com\/it\/#\/schema\/logo\/image\/\",\"url\":\"https:\/\/tmax-special.com\/wp-content\/uploads\/2019\/11\/TMAX-SPECIAL.png\",\"contentUrl\":\"https:\/\/tmax-special.com\/wp-content\/uploads\/2019\/11\/TMAX-SPECIAL.png\",\"width\":498,\"height\":246,\"caption\":\"T-Max Special\"},\"image\":{\"@id\":\"https:\/\/tmax-special.com\/it\/#\/schema\/logo\/image\/\"}}]}<\/script>\n<!-- \/ Yoast SEO plugin. -->","yoast_head_json":{"title":"Chi Siamo - T-Max Special","robots":{"index":"index","follow":"follow","max-snippet":"max-snippet:-1","max-image-preview":"max-image-preview:large","max-video-preview":"max-video-preview:-1"},"canonical":"https:\/\/tmax-special.com\/it\/about\/","og_locale":"it_IT","og_type":"article","og_title":"Chi Siamo - T-Max Special","og_description":"Siamo TMAX SPECIAL, un\u2019azienda familiare per prodotti boutique per scooter TMAX. Da anni forniamo alle persone l\u2019accesso alla nostra esperienza che passa attraverso le nostre passioni. Andare in moto \u00e8 la nostra vita, \u00e8 il nostro hobby ed \u00e8 la nostra specialit\u00e0. Quindi, se stai cercando degli esperti che capiscono e si occupano del settore [&hellip;]","og_url":"https:\/\/tmax-special.com\/it\/about\/","og_site_name":"T-Max Special","article_modified_time":"2022-02-09T15:01:53+00:00","twitter_card":"summary_large_image","twitter_misc":{"Tempo di lettura stimato":"3 minuti"},"schema":{"@context":"https:\/\/schema.org","@graph":[{"@type":"WebPage","@id":"https:\/\/tmax-special.com\/it\/about\/","url":"https:\/\/tmax-special.com\/it\/about\/","name":"Chi Siamo - T-Max Special","isPartOf":{"@id":"https:\/\/tmax-special.com\/it\/#website"},"datePublished":"2020-11-29T12:46:53+00:00","dateModified":"2022-02-09T15:01:53+00:00","breadcrumb":{"@id":"https:\/\/tmax-special.com\/it\/about\/#breadcrumb"},"inLanguage":"it-IT","potentialAction":[{"@type":"ReadAction","target":["https:\/\/tmax-special.com\/it\/about\/"]}]},{"@type":"BreadcrumbList","@id":"https:\/\/tmax-special.com\/it\/about\/#breadcrumb","itemListElement":[{"@type":"ListItem","position":1,"name":"Home","item":"https:\/\/tmax-special.com\/it\/"},{"@type":"ListItem","position":2,"name":"Chi Siamo"}]},{"@type":"WebSite","@id":"https:\/\/tmax-special.com\/it\/#website","url":"https:\/\/tmax-special.com\/it\/","name":"T-Max Special","description":"","publisher":{"@id":"https:\/\/tmax-special.com\/it\/#organization"},"potentialAction":[{"@type":"SearchAction","target":{"@type":"EntryPoint","urlTemplate":"https:\/\/tmax-special.com\/it\/?s={search_term_string}"},"query-input":"required name=search_term_string"}],"inLanguage":"it-IT"},{"@type":"Organization","@id":"https:\/\/tmax-special.com\/it\/#organization","name":"T-Max Special","url":"https:\/\/tmax-special.com\/it\/","logo":{"@type":"ImageObject","inLanguage":"it-IT","@id":"https:\/\/tmax-special.com\/it\/#\/schema\/logo\/image\/","url":"https:\/\/tmax-special.com\/wp-content\/uploads\/2019\/11\/TMAX-SPECIAL.png","contentUrl":"https:\/\/tmax-special.com\/wp-content\/uploads\/2019\/11\/TMAX-SPECIAL.png","width":498,"height":246,"caption":"T-Max Special"},"image":{"@id":"https:\/\/tmax-special.com\/it\/#\/schema\/logo\/image\/"}}]}},"_links":{"self":[{"href":"https:\/\/tmax-special.com\/it\/wp-json\/wp\/v2\/pages\/2204"}],"collection":[{"href":"https:\/\/tmax-special.com\/it\/wp-json\/wp\/v2\/pages"}],"about":[{"href":"https:\/\/tmax-special.com\/it\/wp-json\/wp\/v2\/types\/page"}],"author":[{"embeddable":true,"href":"https:\/\/tmax-special.com\/it\/wp-json\/wp\/v2\/users\/1"}],"replies":[{"embeddable":true,"href":"https:\/\/tmax-special.com\/it\/wp-json\/wp\/v2\/comments?post=2204"}],"version-history":[{"count":3,"href":"https:\/\/tmax-special.com\/it\/wp-json\/wp\/v2\/pages\/2204\/revisions"}],"predecessor-version":[{"id":2242,"href":"https:\/\/tmax-special.com\/it\/wp-json\/wp\/v2\/pages\/2204\/revisions\/2242"}],"wp:attachment":[{"href":"https:\/\/tmax-special.com\/it\/wp-json\/wp\/v2\/media?parent=2204"}],"curies":[{"name":"wp","href":"https:\/\/api.w.org\/{rel}","templated":true}]}}