{"id":3096,"date":"2023-01-03T15:35:50","date_gmt":"2023-01-03T13:35:50","guid":{"rendered":"https:\/\/tmax-special.com\/product\/%d7%a7%d7%b3-%d7%a7%d7%b3-%d7%a7%d7%b3-%d7%a7\/"},"modified":"2023-05-16T14:44:44","modified_gmt":"2023-05-16T11:44:44","slug":"projecteur-tmax-530-560-angel-eyes","status":"publish","type":"product","link":"https:\/\/tmax-special.com\/fr\/produit\/projecteur-tmax-530-560-angel-eyes\/","title":{"rendered":"Projecteur TMax 530 \/ 560 Angel Eyes"},"content":{"rendered":"","protected":false},"excerpt":{"rendered":"<p>Vous recherchez un phare mode et super performant \u00e0 fixer \u00e0 l&rsquo;avant de votre scooter Yamaha Tmax 530\/560?<\/p>\n<p>Alors ne cherchez pas plus loin. Avec l&rsquo;aide de notre projecteur LED \u00ab\u00a0Angel Eyes\u00a0\u00bb, vous pouvez obtenir le phare parfait pour voyager partout o\u00f9 vous devez aller.<\/p>\n<p>Ce phare, qui est prot\u00e9g\u00e9 par une garantie d&rsquo;un an, vous apporte l&rsquo;aide dont vous avez besoin pour remettre votre scooter Yamaha sur la route en toute s\u00e9curit\u00e9 et pr\u00eat \u00e0 \u00eatre conduit la nuit.<\/p>\n","protected":false},"featured_media":3250,"template":"","meta":[],"product_cat":[167],"product_tag":[],"class_list":{"0":"post-3096","1":"product","2":"type-product","3":"status-publish","4":"has-post-thumbnail","6":"product_cat-phares","8":"first","9":"instock","10":"sale","11":"shipping-taxable","12":"purchasable","13":"product-type-variable"},"yoast_head":"<!-- This site is optimized with the Yoast SEO plugin v20.13 - https:\/\/yoast.com\/wordpress\/plugins\/seo\/ -->\n<title>Projecteur TMax 530 \/ 560 Angel Eyes - T-Max Special<\/title>\n<meta name=\"robots\" content=\"index, follow, max-snippet:-1, max-image-preview:large, max-video-preview:-1\" \/>\n<link rel=\"canonical\" href=\"https:\/\/tmax-special.com\/fr\/produit\/projecteur-tmax-530-560-angel-eyes\/\" \/>\n<meta property=\"og:locale\" content=\"fr_FR\" \/>\n<meta property=\"og:type\" content=\"article\" \/>\n<meta property=\"og:title\" content=\"Projecteur TMax 530 \/ 560 Angel Eyes - T-Max Special\" \/>\n<meta property=\"og:description\" content=\"Vous recherchez un phare mode et super performant \u00e0 fixer \u00e0 l&#039;avant de votre scooter Yamaha Tmax 530\/560?  Alors ne cherchez pas plus loin. Avec l&#039;aide de notre projecteur LED &quot;Angel Eyes&quot;, vous pouvez obtenir le phare parfait pour voyager partout o\u00f9 vous devez aller.  Ce phare, qui est prot\u00e9g\u00e9 par une garantie d&#039;un an, vous apporte l&#039;aide dont vous avez besoin pour remettre votre scooter Yamaha sur la route en toute s\u00e9curit\u00e9 et pr\u00eat \u00e0 \u00eatre conduit la nuit.\" \/>\n<meta property=\"og:url\" content=\"https:\/\/tmax-special.com\/fr\/produit\/projecteur-tmax-530-560-angel-eyes\/\" \/>\n<meta property=\"og:site_name\" content=\"T-Max Special\" \/>\n<meta property=\"article:modified_time\" content=\"2023-05-16T11:44:44+00:00\" \/>\n<meta property=\"og:image\" content=\"https:\/\/tmax-special.com\/wp-content\/uploads\/2021\/09\/tmax-angel-eyes.png\" \/>\n\t<meta property=\"og:image:width\" content=\"1000\" \/>\n\t<meta property=\"og:image:height\" content=\"1000\" \/>\n\t<meta property=\"og:image:type\" content=\"image\/png\" \/>\n<meta name=\"twitter:card\" content=\"summary_large_image\" \/>\n<script type=\"application\/ld+json\" class=\"yoast-schema-graph\">{\"@context\":\"https:\/\/schema.org\",\"@graph\":[{\"@type\":\"WebPage\",\"@id\":\"https:\/\/tmax-special.com\/fr\/produit\/projecteur-tmax-530-560-angel-eyes\/\",\"url\":\"https:\/\/tmax-special.com\/fr\/produit\/projecteur-tmax-530-560-angel-eyes\/\",\"name\":\"Projecteur TMax 530 \/ 560 Angel Eyes - T-Max Special\",\"isPartOf\":{\"@id\":\"https:\/\/tmax-special.com\/fr\/#website\"},\"datePublished\":\"2023-01-03T13:35:50+00:00\",\"dateModified\":\"2023-05-16T11:44:44+00:00\",\"breadcrumb\":{\"@id\":\"https:\/\/tmax-special.com\/fr\/produit\/projecteur-tmax-530-560-angel-eyes\/#breadcrumb\"},\"inLanguage\":\"fr-FR\",\"potentialAction\":[{\"@type\":\"ReadAction\",\"target\":[\"https:\/\/tmax-special.com\/fr\/produit\/projecteur-tmax-530-560-angel-eyes\/\"]}]},{\"@type\":\"BreadcrumbList\",\"@id\":\"https:\/\/tmax-special.com\/fr\/produit\/projecteur-tmax-530-560-angel-eyes\/#breadcrumb\",\"itemListElement\":[{\"@type\":\"ListItem\",\"position\":1,\"name\":\"Home\",\"item\":\"https:\/\/tmax-special.com\/fr\/\"},{\"@type\":\"ListItem\",\"position\":2,\"name\":\"Projecteur TMax 530 \/ 560 Angel Eyes\"}]},{\"@type\":\"WebSite\",\"@id\":\"https:\/\/tmax-special.com\/fr\/#website\",\"url\":\"https:\/\/tmax-special.com\/fr\/\",\"name\":\"T-Max Special\",\"description\":\"\",\"publisher\":{\"@id\":\"https:\/\/tmax-special.com\/fr\/#organization\"},\"potentialAction\":[{\"@type\":\"SearchAction\",\"target\":{\"@type\":\"EntryPoint\",\"urlTemplate\":\"https:\/\/tmax-special.com\/fr\/?s={search_term_string}\"},\"query-input\":\"required name=search_term_string\"}],\"inLanguage\":\"fr-FR\"},{\"@type\":\"Organization\",\"@id\":\"https:\/\/tmax-special.com\/fr\/#organization\",\"name\":\"T-Max Special\",\"url\":\"https:\/\/tmax-special.com\/fr\/\",\"logo\":{\"@type\":\"ImageObject\",\"inLanguage\":\"fr-FR\",\"@id\":\"https:\/\/tmax-special.com\/fr\/#\/schema\/logo\/image\/\",\"url\":\"https:\/\/tmax-special.com\/wp-content\/uploads\/2019\/11\/TMAX-SPECIAL.png\",\"contentUrl\":\"https:\/\/tmax-special.com\/wp-content\/uploads\/2019\/11\/TMAX-SPECIAL.png\",\"width\":498,\"height\":246,\"caption\":\"T-Max Special\"},\"image\":{\"@id\":\"https:\/\/tmax-special.com\/fr\/#\/schema\/logo\/image\/\"}}]}<\/script>\n<!-- \/ Yoast SEO plugin. -->","yoast_head_json":{"title":"Projecteur TMax 530 \/ 560 Angel Eyes - T-Max Special","robots":{"index":"index","follow":"follow","max-snippet":"max-snippet:-1","max-image-preview":"max-image-preview:large","max-video-preview":"max-video-preview:-1"},"canonical":"https:\/\/tmax-special.com\/fr\/produit\/projecteur-tmax-530-560-angel-eyes\/","og_locale":"fr_FR","og_type":"article","og_title":"Projecteur TMax 530 \/ 560 Angel Eyes - T-Max Special","og_description":"Vous recherchez un phare mode et super performant \u00e0 fixer \u00e0 l'avant de votre scooter Yamaha Tmax 530\/560?  Alors ne cherchez pas plus loin. Avec l'aide de notre projecteur LED \"Angel Eyes\", vous pouvez obtenir le phare parfait pour voyager partout o\u00f9 vous devez aller.  Ce phare, qui est prot\u00e9g\u00e9 par une garantie d'un an, vous apporte l'aide dont vous avez besoin pour remettre votre scooter Yamaha sur la route en toute s\u00e9curit\u00e9 et pr\u00eat \u00e0 \u00eatre conduit la nuit.","og_url":"https:\/\/tmax-special.com\/fr\/produit\/projecteur-tmax-530-560-angel-eyes\/","og_site_name":"T-Max Special","article_modified_time":"2023-05-16T11:44:44+00:00","og_image":[{"width":1000,"height":1000,"url":"https:\/\/tmax-special.com\/wp-content\/uploads\/2021\/09\/tmax-angel-eyes.png","type":"image\/png"}],"twitter_card":"summary_large_image","schema":{"@context":"https:\/\/schema.org","@graph":[{"@type":"WebPage","@id":"https:\/\/tmax-special.com\/fr\/produit\/projecteur-tmax-530-560-angel-eyes\/","url":"https:\/\/tmax-special.com\/fr\/produit\/projecteur-tmax-530-560-angel-eyes\/","name":"Projecteur TMax 530 \/ 560 Angel Eyes - T-Max Special","isPartOf":{"@id":"https:\/\/tmax-special.com\/fr\/#website"},"datePublished":"2023-01-03T13:35:50+00:00","dateModified":"2023-05-16T11:44:44+00:00","breadcrumb":{"@id":"https:\/\/tmax-special.com\/fr\/produit\/projecteur-tmax-530-560-angel-eyes\/#breadcrumb"},"inLanguage":"fr-FR","potentialAction":[{"@type":"ReadAction","target":["https:\/\/tmax-special.com\/fr\/produit\/projecteur-tmax-530-560-angel-eyes\/"]}]},{"@type":"BreadcrumbList","@id":"https:\/\/tmax-special.com\/fr\/produit\/projecteur-tmax-530-560-angel-eyes\/#breadcrumb","itemListElement":[{"@type":"ListItem","position":1,"name":"Home","item":"https:\/\/tmax-special.com\/fr\/"},{"@type":"ListItem","position":2,"name":"Projecteur TMax 530 \/ 560 Angel Eyes"}]},{"@type":"WebSite","@id":"https:\/\/tmax-special.com\/fr\/#website","url":"https:\/\/tmax-special.com\/fr\/","name":"T-Max Special","description":"","publisher":{"@id":"https:\/\/tmax-special.com\/fr\/#organization"},"potentialAction":[{"@type":"SearchAction","target":{"@type":"EntryPoint","urlTemplate":"https:\/\/tmax-special.com\/fr\/?s={search_term_string}"},"query-input":"required name=search_term_string"}],"inLanguage":"fr-FR"},{"@type":"Organization","@id":"https:\/\/tmax-special.com\/fr\/#organization","name":"T-Max Special","url":"https:\/\/tmax-special.com\/fr\/","logo":{"@type":"ImageObject","inLanguage":"fr-FR","@id":"https:\/\/tmax-special.com\/fr\/#\/schema\/logo\/image\/","url":"https:\/\/tmax-special.com\/wp-content\/uploads\/2019\/11\/TMAX-SPECIAL.png","contentUrl":"https:\/\/tmax-special.com\/wp-content\/uploads\/2019\/11\/TMAX-SPECIAL.png","width":498,"height":246,"caption":"T-Max Special"},"image":{"@id":"https:\/\/tmax-special.com\/fr\/#\/schema\/logo\/image\/"}}]}},"_links":{"self":[{"href":"https:\/\/tmax-special.com\/fr\/wp-json\/wp\/v2\/product\/3096"}],"collection":[{"href":"https:\/\/tmax-special.com\/fr\/wp-json\/wp\/v2\/product"}],"about":[{"href":"https:\/\/tmax-special.com\/fr\/wp-json\/wp\/v2\/types\/product"}],"wp:featuredmedia":[{"embeddable":true,"href":"https:\/\/tmax-special.com\/fr\/wp-json\/wp\/v2\/media\/3250"}],"wp:attachment":[{"href":"https:\/\/tmax-special.com\/fr\/wp-json\/wp\/v2\/media?parent=3096"}],"wp:term":[{"taxonomy":"product_cat","embeddable":true,"href":"https:\/\/tmax-special.com\/fr\/wp-json\/wp\/v2\/product_cat?post=3096"},{"taxonomy":"product_tag","embeddable":true,"href":"https:\/\/tmax-special.com\/fr\/wp-json\/wp\/v2\/product_tag?post=3096"}],"curies":[{"name":"wp","href":"https:\/\/api.w.org\/{rel}","templated":true}]}}