{"id":2205,"date":"2020-11-29T14:46:53","date_gmt":"2020-11-29T12:46:53","guid":{"rendered":"https:\/\/tmax-special.com\/about\/"},"modified":"2022-02-09T16:55:25","modified_gmt":"2022-02-09T14:55:25","slug":"about","status":"publish","type":"page","link":"https:\/\/tmax-special.com\/es\/about\/","title":{"rendered":"Sobre nosotros"},"content":{"rendered":"\t\t<div data-elementor-type=\"wp-page\" data-elementor-id=\"2205\" class=\"elementor elementor-2205 elementor-862\" data-elementor-post-type=\"page\">\n\t\t\t\t\t\t<section class=\"elementor-section elementor-top-section elementor-element elementor-element-78b9d00 elementor-section-boxed elementor-section-height-default elementor-section-height-default\" data-id=\"78b9d00\" data-element_type=\"section\" data-e-type=\"section\" data-settings=\"{&quot;jet_parallax_layout_list&quot;:[]}\">\n\t\t\t\t\t\t<div class=\"elementor-container elementor-column-gap-default\">\n\t\t\t\t\t<div class=\"elementor-column elementor-col-100 elementor-top-column elementor-element elementor-element-63f3cc6\" data-id=\"63f3cc6\" data-element_type=\"column\" data-e-type=\"column\">\n\t\t\t<div class=\"elementor-widget-wrap elementor-element-populated\">\n\t\t\t\t\t\t<div class=\"elementor-element elementor-element-d4fd379 elementor-widget elementor-widget-text-editor\" data-id=\"d4fd379\" data-element_type=\"widget\" data-e-type=\"widget\" data-widget_type=\"text-editor.default\">\n\t\t\t\t<div class=\"elementor-widget-container\">\n\t\t\t\t\t\t\t\t\t<p>Somos <strong>TMAX SPECIAL<\/strong>, una empresa familiar de productos boutique para scooters TMAX. Durante a\u00f1os, hemos proporcionado a la gente el acceso a nuestra experiencia que se refleja a trav\u00e9s de nuestras pasiones. Conducir es nuestra vida, es nuestra afici\u00f3n y es nuestra especialidad. As\u00ed que, si buscas expertos que entiendan y se preocupen con tanta pasi\u00f3n como t\u00fa, \u00a1est\u00e1s en el lugar adecuado!<\/p><p>Tenemos m\u00e1s de 40 a\u00f1os de experiencia en el sector, pero, sobre todo &#8211; simplemente amamos las motos. A trav\u00e9s de esos largos a\u00f1os de amor por conducir y el motociclismo, hemos desarrollado una comprensi\u00f3n clara y profesional sobre lo que m\u00e1s importa a la hora de comprar un veh\u00edculo. Usando ese conocimiento a tu favor, nos aseguramos de que puedas hacer m\u00e1s con menos.<\/p><h2>Nuestra misi\u00f3n<\/h2><p>Como pilotos experimentados, quer\u00edamos producir los mejores y m\u00e1s exclusivos productos para el s\u00faper scooter TMAX. As\u00ed que empezamos a utilizar nuestras diversas habilidades y nuestras ideas para idear productos que cre\u00edamos que llevar\u00edan a la TMAX al siguiente nivel. Despu\u00e9s de haber sentido su potencia de primera mano, sab\u00edamos que algunas adiciones y ajustes podr\u00edan llevarla al siguiente nivel por completo.<br \/>Para ello, hemos creado un departamento de desarrollo en el que hemos combinado nuestros conocimientos y experiencia con las habilidades de un ingeniero de veh\u00edculos y dise\u00f1adores industriales para ofrecer productos con dise\u00f1os originales, innovadores y patentados. \u00bfEl resultado final? <b>El tipo de accesorios de calidad que pueden convertir su scooter TMAX en algo a\u00fan m\u00e1s impresionante.<\/b><\/p><p>Nuestra misi\u00f3n, por tanto, es simple; transformar las necesidades en cuanto a productos para tu scooter a una realidad. Utilizando nuestro conocimiento y pasi\u00f3n, tanto personal como profesionalmente, eliminamos el obst\u00e1culo de comprar las piezas de scooter adecuadas una y otra vez.<\/p><h2>Nuestra promesa<\/h2><ul><li>Todos nuestros productos se prueban e inspeccionan con mucho cuidado antes de ser fabricados comercialmente ya que deben cumplir ciertas normas estrictas.<\/li><li>La producci\u00f3n industrial se realiza bajo control y supervisi\u00f3n, manteniendo un nivel de acabado sin concesiones. Nunca lanzamos al mercado un producto con el que no estar\u00edamos contentos de utilizar nosotros mismos.<\/li><li>Las materias primas utilizadas para fabricar los productos son las mejores y de mayor calidad. Llevamos a cabo un exhaustivo proceso de evaluaci\u00f3n de todos los materiales utilizados para saber que el trabajo es 100% correcto.<\/li><li>Todo ello con el fin de que puedas utilizar nuestros productos durante muchos a\u00f1os para tu seguridad y disfrute, y as\u00ed rentabilizar al m\u00e1ximo tu inversi\u00f3n con nosotros.<\/li><li>Creemos en nuestros productos, y por ello -a diferencia de otros fabricantes- damos a nuestros clientes una garant\u00eda completa tambi\u00e9n para las piezas electr\u00f3nicas. Cada pieza viene cubierta con una garant\u00eda de calidad.<\/li><li>Nuestros productos se comercializan en todo el mundo a distribuidores y clientes particulares. No s\u00f3lo vendemos a una peque\u00f1a parte del mercado; estamos abiertos a todos.<\/li><li>Puedes adquirir nuestros productos a trav\u00e9s del sitio web, o a trav\u00e9s de proveedores autorizados. Encontrar nuestros productos es f\u00e1cil; \u00a1simplemente busca los productos de TMAX SPECIAL y comprueba nuestra reputaci\u00f3n t\u00fa mismo!<\/li><\/ul><p><strong>TMAX SPECIAL es todo sobre la consistencia, la calidad y el desarrollo \u00e9tico. Por eso nuestras promesas se mantienen por encima de todo; somos conductores como t\u00fa, as\u00ed que queremos que est\u00e9s tan seguro como nosotros.<\/strong><\/p>\t\t\t\t\t\t\t\t<\/div>\n\t\t\t\t<\/div>\n\t\t\t\t\t<\/div>\n\t\t<\/div>\n\t\t\t\t\t<\/div>\n\t\t<\/section>\n\t\t\t\t<\/div>\n\t\t","protected":false},"excerpt":{"rendered":"<p>Somos TMAX SPECIAL, una empresa familiar de productos boutique para scooters TMAX. Durante a\u00f1os, hemos proporcionado a la gente el acceso a nuestra experiencia que se refleja a trav\u00e9s de nuestras pasiones. Conducir es nuestra vida, es nuestra afici\u00f3n y es nuestra especialidad. As\u00ed que, si buscas expertos que entiendan y se preocupen con tanta [&hellip;]<\/p>\n","protected":false},"author":1,"featured_media":0,"parent":0,"menu_order":0,"comment_status":"closed","ping_status":"closed","template":"","meta":{"footnotes":""},"class_list":["post-2205","page","type-page","status-publish","hentry"],"yoast_head":"<!-- This site is optimized with the Yoast SEO plugin v20.13 - https:\/\/yoast.com\/wordpress\/plugins\/seo\/ -->\n<title>Sobre nosotros - T-Max Special<\/title>\n<meta name=\"robots\" content=\"index, follow, max-snippet:-1, max-image-preview:large, max-video-preview:-1\" \/>\n<link rel=\"canonical\" href=\"https:\/\/tmax-special.com\/es\/about\/\" \/>\n<meta property=\"og:locale\" content=\"es_ES\" \/>\n<meta property=\"og:type\" content=\"article\" \/>\n<meta property=\"og:title\" content=\"Sobre nosotros - T-Max Special\" \/>\n<meta property=\"og:description\" content=\"Somos TMAX SPECIAL, una empresa familiar de productos boutique para scooters TMAX. Durante a\u00f1os, hemos proporcionado a la gente el acceso a nuestra experiencia que se refleja a trav\u00e9s de nuestras pasiones. Conducir es nuestra vida, es nuestra afici\u00f3n y es nuestra especialidad. As\u00ed que, si buscas expertos que entiendan y se preocupen con tanta [&hellip;]\" \/>\n<meta property=\"og:url\" content=\"https:\/\/tmax-special.com\/es\/about\/\" \/>\n<meta property=\"og:site_name\" content=\"T-Max Special\" \/>\n<meta property=\"article:modified_time\" content=\"2022-02-09T14:55:25+00:00\" \/>\n<meta name=\"twitter:card\" content=\"summary_large_image\" \/>\n<meta name=\"twitter:label1\" content=\"Tiempo de lectura\" \/>\n\t<meta name=\"twitter:data1\" content=\"3 minutos\" \/>\n<script type=\"application\/ld+json\" class=\"yoast-schema-graph\">{\"@context\":\"https:\/\/schema.org\",\"@graph\":[{\"@type\":\"WebPage\",\"@id\":\"https:\/\/tmax-special.com\/es\/about\/\",\"url\":\"https:\/\/tmax-special.com\/es\/about\/\",\"name\":\"Sobre nosotros - T-Max Special\",\"isPartOf\":{\"@id\":\"https:\/\/tmax-special.com\/es\/#website\"},\"datePublished\":\"2020-11-29T12:46:53+00:00\",\"dateModified\":\"2022-02-09T14:55:25+00:00\",\"breadcrumb\":{\"@id\":\"https:\/\/tmax-special.com\/es\/about\/#breadcrumb\"},\"inLanguage\":\"es\",\"potentialAction\":[{\"@type\":\"ReadAction\",\"target\":[\"https:\/\/tmax-special.com\/es\/about\/\"]}]},{\"@type\":\"BreadcrumbList\",\"@id\":\"https:\/\/tmax-special.com\/es\/about\/#breadcrumb\",\"itemListElement\":[{\"@type\":\"ListItem\",\"position\":1,\"name\":\"Home\",\"item\":\"https:\/\/tmax-special.com\/es\/\"},{\"@type\":\"ListItem\",\"position\":2,\"name\":\"Sobre nosotros\"}]},{\"@type\":\"WebSite\",\"@id\":\"https:\/\/tmax-special.com\/es\/#website\",\"url\":\"https:\/\/tmax-special.com\/es\/\",\"name\":\"T-Max Special\",\"description\":\"\",\"publisher\":{\"@id\":\"https:\/\/tmax-special.com\/es\/#organization\"},\"potentialAction\":[{\"@type\":\"SearchAction\",\"target\":{\"@type\":\"EntryPoint\",\"urlTemplate\":\"https:\/\/tmax-special.com\/es\/?s={search_term_string}\"},\"query-input\":\"required name=search_term_string\"}],\"inLanguage\":\"es\"},{\"@type\":\"Organization\",\"@id\":\"https:\/\/tmax-special.com\/es\/#organization\",\"name\":\"T-Max Special\",\"url\":\"https:\/\/tmax-special.com\/es\/\",\"logo\":{\"@type\":\"ImageObject\",\"inLanguage\":\"es\",\"@id\":\"https:\/\/tmax-special.com\/es\/#\/schema\/logo\/image\/\",\"url\":\"https:\/\/tmax-special.com\/wp-content\/uploads\/2019\/11\/TMAX-SPECIAL.png\",\"contentUrl\":\"https:\/\/tmax-special.com\/wp-content\/uploads\/2019\/11\/TMAX-SPECIAL.png\",\"width\":498,\"height\":246,\"caption\":\"T-Max Special\"},\"image\":{\"@id\":\"https:\/\/tmax-special.com\/es\/#\/schema\/logo\/image\/\"}}]}<\/script>\n<!-- \/ Yoast SEO plugin. -->","yoast_head_json":{"title":"Sobre nosotros - T-Max Special","robots":{"index":"index","follow":"follow","max-snippet":"max-snippet:-1","max-image-preview":"max-image-preview:large","max-video-preview":"max-video-preview:-1"},"canonical":"https:\/\/tmax-special.com\/es\/about\/","og_locale":"es_ES","og_type":"article","og_title":"Sobre nosotros - T-Max Special","og_description":"Somos TMAX SPECIAL, una empresa familiar de productos boutique para scooters TMAX. Durante a\u00f1os, hemos proporcionado a la gente el acceso a nuestra experiencia que se refleja a trav\u00e9s de nuestras pasiones. Conducir es nuestra vida, es nuestra afici\u00f3n y es nuestra especialidad. As\u00ed que, si buscas expertos que entiendan y se preocupen con tanta [&hellip;]","og_url":"https:\/\/tmax-special.com\/es\/about\/","og_site_name":"T-Max Special","article_modified_time":"2022-02-09T14:55:25+00:00","twitter_card":"summary_large_image","twitter_misc":{"Tiempo de lectura":"3 minutos"},"schema":{"@context":"https:\/\/schema.org","@graph":[{"@type":"WebPage","@id":"https:\/\/tmax-special.com\/es\/about\/","url":"https:\/\/tmax-special.com\/es\/about\/","name":"Sobre nosotros - T-Max Special","isPartOf":{"@id":"https:\/\/tmax-special.com\/es\/#website"},"datePublished":"2020-11-29T12:46:53+00:00","dateModified":"2022-02-09T14:55:25+00:00","breadcrumb":{"@id":"https:\/\/tmax-special.com\/es\/about\/#breadcrumb"},"inLanguage":"es","potentialAction":[{"@type":"ReadAction","target":["https:\/\/tmax-special.com\/es\/about\/"]}]},{"@type":"BreadcrumbList","@id":"https:\/\/tmax-special.com\/es\/about\/#breadcrumb","itemListElement":[{"@type":"ListItem","position":1,"name":"Home","item":"https:\/\/tmax-special.com\/es\/"},{"@type":"ListItem","position":2,"name":"Sobre nosotros"}]},{"@type":"WebSite","@id":"https:\/\/tmax-special.com\/es\/#website","url":"https:\/\/tmax-special.com\/es\/","name":"T-Max Special","description":"","publisher":{"@id":"https:\/\/tmax-special.com\/es\/#organization"},"potentialAction":[{"@type":"SearchAction","target":{"@type":"EntryPoint","urlTemplate":"https:\/\/tmax-special.com\/es\/?s={search_term_string}"},"query-input":"required name=search_term_string"}],"inLanguage":"es"},{"@type":"Organization","@id":"https:\/\/tmax-special.com\/es\/#organization","name":"T-Max Special","url":"https:\/\/tmax-special.com\/es\/","logo":{"@type":"ImageObject","inLanguage":"es","@id":"https:\/\/tmax-special.com\/es\/#\/schema\/logo\/image\/","url":"https:\/\/tmax-special.com\/wp-content\/uploads\/2019\/11\/TMAX-SPECIAL.png","contentUrl":"https:\/\/tmax-special.com\/wp-content\/uploads\/2019\/11\/TMAX-SPECIAL.png","width":498,"height":246,"caption":"T-Max Special"},"image":{"@id":"https:\/\/tmax-special.com\/es\/#\/schema\/logo\/image\/"}}]}},"_links":{"self":[{"href":"https:\/\/tmax-special.com\/es\/wp-json\/wp\/v2\/pages\/2205","targetHints":{"allow":["GET"]}}],"collection":[{"href":"https:\/\/tmax-special.com\/es\/wp-json\/wp\/v2\/pages"}],"about":[{"href":"https:\/\/tmax-special.com\/es\/wp-json\/wp\/v2\/types\/page"}],"author":[{"embeddable":true,"href":"https:\/\/tmax-special.com\/es\/wp-json\/wp\/v2\/users\/1"}],"replies":[{"embeddable":true,"href":"https:\/\/tmax-special.com\/es\/wp-json\/wp\/v2\/comments?post=2205"}],"version-history":[{"count":6,"href":"https:\/\/tmax-special.com\/es\/wp-json\/wp\/v2\/pages\/2205\/revisions"}],"predecessor-version":[{"id":2236,"href":"https:\/\/tmax-special.com\/es\/wp-json\/wp\/v2\/pages\/2205\/revisions\/2236"}],"wp:attachment":[{"href":"https:\/\/tmax-special.com\/es\/wp-json\/wp\/v2\/media?parent=2205"}],"curies":[{"name":"wp","href":"https:\/\/api.w.org\/{rel}","templated":true}]}}