{"id":2203,"date":"2020-11-29T14:46:53","date_gmt":"2020-11-29T12:46:53","guid":{"rendered":"https:\/\/tmax-special.com\/about\/"},"modified":"2022-02-09T16:59:49","modified_gmt":"2022-02-09T14:59:49","slug":"about","status":"publish","type":"page","link":"https:\/\/tmax-special.com\/de\/about\/","title":{"rendered":"\u00dcber uns"},"content":{"rendered":"\t\t<div data-elementor-type=\"wp-page\" data-elementor-id=\"2203\" class=\"elementor elementor-2203 elementor-862\" data-elementor-post-type=\"page\">\n\t\t\t\t\t\t<section class=\"elementor-section elementor-top-section elementor-element elementor-element-78b9d00 elementor-section-boxed elementor-section-height-default elementor-section-height-default\" data-id=\"78b9d00\" data-element_type=\"section\" data-e-type=\"section\" data-settings=\"{&quot;jet_parallax_layout_list&quot;:[]}\">\n\t\t\t\t\t\t<div class=\"elementor-container elementor-column-gap-default\">\n\t\t\t\t\t<div class=\"elementor-column elementor-col-100 elementor-top-column elementor-element elementor-element-63f3cc6\" data-id=\"63f3cc6\" data-element_type=\"column\" data-e-type=\"column\">\n\t\t\t<div class=\"elementor-widget-wrap elementor-element-populated\">\n\t\t\t\t\t\t<div class=\"elementor-element elementor-element-d4fd379 elementor-widget elementor-widget-text-editor\" data-id=\"d4fd379\" data-element_type=\"widget\" data-e-type=\"widget\" data-widget_type=\"text-editor.default\">\n\t\t\t\t<div class=\"elementor-widget-container\">\n\t\t\t\t\t\t\t\t\t<p>Wir sind <strong>TMAX SPECIAL<\/strong>, ein Familienunternehmen f\u00fcr Boutique-Produkte f\u00fcr TMAX-Roller. Seit Jahren bieten wir Zugang zu unserem Fachwissen, das durch unsere Leidenschaften gepr\u00e4gt ist. Fahren ist unser Leben, es ist unser Hobby und es ist unsere Spezialit\u00e4t. Wenn Sie also auf der Suche nach Experten sind, die die Branche ebenso leidenschaftlich verstehen und pflegen wie Sie, sind Sie bei uns genau richtig!<\/p><p>Wir verf\u00fcgen \u00fcber mehr als 40 Jahre Erfahrung in diesem Bereich, aber vor allem lieben wir Motorr\u00e4der einfach. Durch diese langen Jahre der Liebe zum Fahren und Biken haben wir ein klares und professionelles Verst\u00e4ndnis daf\u00fcr entwickelt, worauf es beim Kauf eines Fahrzeugs am meisten ankommt. Wir nutzen dieses Wissen zu Ihrem Vorteil und sorgen daf\u00fcr, dass Sie mit weniger Aufwand mehr erreichen k\u00f6nnen.<\/p><h2>Unsere Vision<\/h2><p>Als erfahrene Motorradfahrer wollten wir die besten und einzigartigsten Produkte f\u00fcr den TMAX-Super-Scooter herstellen. Also begannen wir, unsere verschiedenen F\u00e4higkeiten und Ideen zu nutzen, um Produkte zu entwickeln, die den TMAX auf die n\u00e4chste Stufe heben w\u00fcrden. Nachdem wir seine Leistung aus erster Hand erfahren hatten, wussten wir, dass einige Erg\u00e4nzungen und Verbesserungen ihn auf die n\u00e4chste Stufe heben k\u00f6nnten.<\/p><p>Zu diesem Zweck haben wir eine Entwicklungsabteilung eingerichtet, in der wir unser Wissen und unsere Erfahrung mit den F\u00e4higkeiten eines Fahrzeugingenieurs und Industriedesigners kombiniert haben, um Ihnen Produkte in originellen, innovativen und patentierten Designs zu bieten. Und das Ergebnis? <strong>Qualit\u00e4tszubeh\u00f6r, das Ihren TMAX-Roller zu etwas noch Beeindruckenderem machen kann!<\/strong><\/p><p>Unsere Mission ist also einfach: Ihre W\u00fcnsche nach tollen Produkten f\u00fcr Ihren TMAX-Roller in die Tat umzusetzen. Mit unserem Wissen und unserer Leidenschaft, sowohl pers\u00f6nlich als auch beruflich, nehmen wir die Herausforderung, die richtigen Rollerteile zu kaufen, immer und immer wieder.<\/p><h2>Unser Versprechen<\/h2><ul><li>Alle unsere Produkte werden sorgf\u00e4ltig getestet und gepr\u00fcft, bevor sie kommerziell hergestellt werden und unterliegen strengen Standards.<\/li><li>Die industrielle Produktion erfolgt unter Kontrolle und Aufsicht, wobei ein kompromissloses Niveau der Verarbeitung eingehalten wird. Wir bringen niemals ein Produkt auf den Markt, das wir nicht auch selbst gerne verwenden w\u00fcrden.<\/li><li>Die f\u00fcr die Herstellung der Produkte verwendeten Rohstoffe sind von bester und h\u00f6chster Qualit\u00e4t. Wir unterziehen alle verwendeten Materialien einer gr\u00fcndlichen Pr\u00fcfung, damit wir sicher sein k\u00f6nnen, dass die Arbeit zu 100 % korrekt ist.<\/li><li>All diese Ma\u00dfnahmen sollen sicherstellen, dass Sie unsere Produkte viele Jahre lang sicher und mit Freude nutzen k\u00f6nnen, damit sich Ihre Investition in uns optimal auszahlt.<\/li><li>Wir glauben an unsere Produkte und geben unseren Kunden daher &#8211; im Gegensatz zu anderen Herstellern &#8211; auch auf die Elektronikteile eine volle Garantie. Jedes Teil ist mit einer Qualit\u00e4tsgarantie versehen.<\/li><li>Unsere Produkte werden weltweit an H\u00e4ndler und Privatkunden vertrieben. Wir verkaufen nicht nur an einen kleinen Teil des Marktes, sondern sind offen f\u00fcr alle.<\/li><li>Sie k\u00f6nnen unsere Produkte \u00fcber unsere Website oder \u00fcber autorisierte Lieferanten erwerben. Unsere Produkte zu finden ist einfach: Suchen Sie einfach nach TMAX SPECIAL-Produkten und \u00fcberzeugen Sie sich selbst von unserem guten Ruf!<\/li><\/ul><p><strong>Bei TMAX SPECIAL dreht sich alles um Best\u00e4ndigkeit, Qualit\u00e4t und ethische Entwicklung. Deshalb halten unsere Versprechen vor allem eines: Wir sind Fahrer wie Sie und wollen, dass Sie genauso sicher sind wie wir.<\/strong><\/p>\t\t\t\t\t\t\t\t<\/div>\n\t\t\t\t<\/div>\n\t\t\t\t\t<\/div>\n\t\t<\/div>\n\t\t\t\t\t<\/div>\n\t\t<\/section>\n\t\t\t\t<\/div>\n\t\t","protected":false},"excerpt":{"rendered":"<p>Wir sind TMAX SPECIAL, ein Familienunternehmen f\u00fcr Boutique-Produkte f\u00fcr TMAX-Roller. Seit Jahren bieten wir Zugang zu unserem Fachwissen, das durch unsere Leidenschaften gepr\u00e4gt ist. Fahren ist unser Leben, es ist unser Hobby und es ist unsere Spezialit\u00e4t. Wenn Sie also auf der Suche nach Experten sind, die die Branche ebenso leidenschaftlich verstehen und pflegen wie [&hellip;]<\/p>\n","protected":false},"author":1,"featured_media":0,"parent":0,"menu_order":0,"comment_status":"closed","ping_status":"closed","template":"","meta":{"footnotes":""},"class_list":["post-2203","page","type-page","status-publish","hentry"],"yoast_head":"<!-- This site is optimized with the Yoast SEO plugin v20.13 - https:\/\/yoast.com\/wordpress\/plugins\/seo\/ -->\n<title>\u00dcber uns - T-Max Special<\/title>\n<meta name=\"robots\" content=\"index, follow, max-snippet:-1, max-image-preview:large, max-video-preview:-1\" \/>\n<link rel=\"canonical\" href=\"https:\/\/tmax-special.com\/de\/about\/\" \/>\n<meta property=\"og:locale\" content=\"de_DE\" \/>\n<meta property=\"og:type\" content=\"article\" \/>\n<meta property=\"og:title\" content=\"\u00dcber uns - T-Max Special\" \/>\n<meta property=\"og:description\" content=\"Wir sind TMAX SPECIAL, ein Familienunternehmen f\u00fcr Boutique-Produkte f\u00fcr TMAX-Roller. Seit Jahren bieten wir Zugang zu unserem Fachwissen, das durch unsere Leidenschaften gepr\u00e4gt ist. Fahren ist unser Leben, es ist unser Hobby und es ist unsere Spezialit\u00e4t. Wenn Sie also auf der Suche nach Experten sind, die die Branche ebenso leidenschaftlich verstehen und pflegen wie [&hellip;]\" \/>\n<meta property=\"og:url\" content=\"https:\/\/tmax-special.com\/de\/about\/\" \/>\n<meta property=\"og:site_name\" content=\"T-Max Special\" \/>\n<meta property=\"article:modified_time\" content=\"2022-02-09T14:59:49+00:00\" \/>\n<meta name=\"twitter:card\" content=\"summary_large_image\" \/>\n<meta name=\"twitter:label1\" content=\"Gesch\u00e4tzte Lesezeit\" \/>\n\t<meta name=\"twitter:data1\" content=\"3\u00a0Minuten\" \/>\n<script type=\"application\/ld+json\" class=\"yoast-schema-graph\">{\"@context\":\"https:\/\/schema.org\",\"@graph\":[{\"@type\":\"WebPage\",\"@id\":\"https:\/\/tmax-special.com\/de\/about\/\",\"url\":\"https:\/\/tmax-special.com\/de\/about\/\",\"name\":\"\u00dcber uns - T-Max Special\",\"isPartOf\":{\"@id\":\"https:\/\/tmax-special.com\/de\/#website\"},\"datePublished\":\"2020-11-29T12:46:53+00:00\",\"dateModified\":\"2022-02-09T14:59:49+00:00\",\"breadcrumb\":{\"@id\":\"https:\/\/tmax-special.com\/de\/about\/#breadcrumb\"},\"inLanguage\":\"de\",\"potentialAction\":[{\"@type\":\"ReadAction\",\"target\":[\"https:\/\/tmax-special.com\/de\/about\/\"]}]},{\"@type\":\"BreadcrumbList\",\"@id\":\"https:\/\/tmax-special.com\/de\/about\/#breadcrumb\",\"itemListElement\":[{\"@type\":\"ListItem\",\"position\":1,\"name\":\"Home\",\"item\":\"https:\/\/tmax-special.com\/de\/\"},{\"@type\":\"ListItem\",\"position\":2,\"name\":\"\u00dcber uns\"}]},{\"@type\":\"WebSite\",\"@id\":\"https:\/\/tmax-special.com\/de\/#website\",\"url\":\"https:\/\/tmax-special.com\/de\/\",\"name\":\"T-Max Special\",\"description\":\"\",\"publisher\":{\"@id\":\"https:\/\/tmax-special.com\/de\/#organization\"},\"potentialAction\":[{\"@type\":\"SearchAction\",\"target\":{\"@type\":\"EntryPoint\",\"urlTemplate\":\"https:\/\/tmax-special.com\/de\/?s={search_term_string}\"},\"query-input\":\"required name=search_term_string\"}],\"inLanguage\":\"de\"},{\"@type\":\"Organization\",\"@id\":\"https:\/\/tmax-special.com\/de\/#organization\",\"name\":\"T-Max Special\",\"url\":\"https:\/\/tmax-special.com\/de\/\",\"logo\":{\"@type\":\"ImageObject\",\"inLanguage\":\"de\",\"@id\":\"https:\/\/tmax-special.com\/de\/#\/schema\/logo\/image\/\",\"url\":\"https:\/\/tmax-special.com\/wp-content\/uploads\/2019\/11\/TMAX-SPECIAL.png\",\"contentUrl\":\"https:\/\/tmax-special.com\/wp-content\/uploads\/2019\/11\/TMAX-SPECIAL.png\",\"width\":498,\"height\":246,\"caption\":\"T-Max Special\"},\"image\":{\"@id\":\"https:\/\/tmax-special.com\/de\/#\/schema\/logo\/image\/\"}}]}<\/script>\n<!-- \/ Yoast SEO plugin. -->","yoast_head_json":{"title":"\u00dcber uns - T-Max Special","robots":{"index":"index","follow":"follow","max-snippet":"max-snippet:-1","max-image-preview":"max-image-preview:large","max-video-preview":"max-video-preview:-1"},"canonical":"https:\/\/tmax-special.com\/de\/about\/","og_locale":"de_DE","og_type":"article","og_title":"\u00dcber uns - T-Max Special","og_description":"Wir sind TMAX SPECIAL, ein Familienunternehmen f\u00fcr Boutique-Produkte f\u00fcr TMAX-Roller. Seit Jahren bieten wir Zugang zu unserem Fachwissen, das durch unsere Leidenschaften gepr\u00e4gt ist. Fahren ist unser Leben, es ist unser Hobby und es ist unsere Spezialit\u00e4t. Wenn Sie also auf der Suche nach Experten sind, die die Branche ebenso leidenschaftlich verstehen und pflegen wie [&hellip;]","og_url":"https:\/\/tmax-special.com\/de\/about\/","og_site_name":"T-Max Special","article_modified_time":"2022-02-09T14:59:49+00:00","twitter_card":"summary_large_image","twitter_misc":{"Gesch\u00e4tzte Lesezeit":"3\u00a0Minuten"},"schema":{"@context":"https:\/\/schema.org","@graph":[{"@type":"WebPage","@id":"https:\/\/tmax-special.com\/de\/about\/","url":"https:\/\/tmax-special.com\/de\/about\/","name":"\u00dcber uns - T-Max Special","isPartOf":{"@id":"https:\/\/tmax-special.com\/de\/#website"},"datePublished":"2020-11-29T12:46:53+00:00","dateModified":"2022-02-09T14:59:49+00:00","breadcrumb":{"@id":"https:\/\/tmax-special.com\/de\/about\/#breadcrumb"},"inLanguage":"de","potentialAction":[{"@type":"ReadAction","target":["https:\/\/tmax-special.com\/de\/about\/"]}]},{"@type":"BreadcrumbList","@id":"https:\/\/tmax-special.com\/de\/about\/#breadcrumb","itemListElement":[{"@type":"ListItem","position":1,"name":"Home","item":"https:\/\/tmax-special.com\/de\/"},{"@type":"ListItem","position":2,"name":"\u00dcber uns"}]},{"@type":"WebSite","@id":"https:\/\/tmax-special.com\/de\/#website","url":"https:\/\/tmax-special.com\/de\/","name":"T-Max Special","description":"","publisher":{"@id":"https:\/\/tmax-special.com\/de\/#organization"},"potentialAction":[{"@type":"SearchAction","target":{"@type":"EntryPoint","urlTemplate":"https:\/\/tmax-special.com\/de\/?s={search_term_string}"},"query-input":"required name=search_term_string"}],"inLanguage":"de"},{"@type":"Organization","@id":"https:\/\/tmax-special.com\/de\/#organization","name":"T-Max Special","url":"https:\/\/tmax-special.com\/de\/","logo":{"@type":"ImageObject","inLanguage":"de","@id":"https:\/\/tmax-special.com\/de\/#\/schema\/logo\/image\/","url":"https:\/\/tmax-special.com\/wp-content\/uploads\/2019\/11\/TMAX-SPECIAL.png","contentUrl":"https:\/\/tmax-special.com\/wp-content\/uploads\/2019\/11\/TMAX-SPECIAL.png","width":498,"height":246,"caption":"T-Max Special"},"image":{"@id":"https:\/\/tmax-special.com\/de\/#\/schema\/logo\/image\/"}}]}},"_links":{"self":[{"href":"https:\/\/tmax-special.com\/de\/wp-json\/wp\/v2\/pages\/2203","targetHints":{"allow":["GET"]}}],"collection":[{"href":"https:\/\/tmax-special.com\/de\/wp-json\/wp\/v2\/pages"}],"about":[{"href":"https:\/\/tmax-special.com\/de\/wp-json\/wp\/v2\/types\/page"}],"author":[{"embeddable":true,"href":"https:\/\/tmax-special.com\/de\/wp-json\/wp\/v2\/users\/1"}],"replies":[{"embeddable":true,"href":"https:\/\/tmax-special.com\/de\/wp-json\/wp\/v2\/comments?post=2203"}],"version-history":[{"count":3,"href":"https:\/\/tmax-special.com\/de\/wp-json\/wp\/v2\/pages\/2203\/revisions"}],"predecessor-version":[{"id":2239,"href":"https:\/\/tmax-special.com\/de\/wp-json\/wp\/v2\/pages\/2203\/revisions\/2239"}],"wp:attachment":[{"href":"https:\/\/tmax-special.com\/de\/wp-json\/wp\/v2\/media?parent=2203"}],"curies":[{"name":"wp","href":"https:\/\/api.w.org\/{rel}","templated":true}]}}